{"id":57,"date":"2017-09-21T10:19:29","date_gmt":"2017-09-21T08:19:29","guid":{"rendered":"http:\/\/charliegroup.com\/vision\/"},"modified":"2018-04-09T14:38:03","modified_gmt":"2018-04-09T12:38:03","slug":"vision","status":"publish","type":"page","link":"https:\/\/charliegroup.com\/it\/vision\/","title":{"rendered":"Visione"},"content":{"rendered":"<p>Nella vita di ognuno appaiono fin dalla pi\u00f9 tenera et\u00e0 immagini che poi prendono forma nei propri pensieri e che chiedono di essere manifestati.<br \/>\nEcco che la mia visione pi\u00f9 recondita \u00e8 sempre stata quella di portare armonia, bellezza e gioia nelle cose che mi circondano ed essendo nata in un luogo aspro e per alcuni versi duro, sono riuscita attraverso la &#8220;Moda&#8221; ad esprimere la mia vena artistica e la mia passione per il &#8220;Bello&#8221;.<!--more--><\/p>\n<p>Una ricerca non sempre facile, ma anche ricca di sorprese e soddisfazioni.<br \/>\n<strong>Moda \u00e8 Modo<\/strong> nasce quindi dall&#8217;esigenza di dare spazio alla comunicazione dell&#8217;Essere per andare oltre alla visione specialistica della Moda come bene di consumo e scoprirne cos\u00ec la completezza.<br \/>\nModa dunque come Modo d&#8217;essere, come approccio alla vita e con il nostro prossimo.<br \/>\nNell&#8217;arco degli anni i negozi sono diventati due&#8230;<br \/>\nquello storico dl Brennero aperto nel 1976, poi quello di Vipiteno nel 1995.<br \/>\nLa scelta accurata di ogni capo, la leggerezza e l&#8217;armonica combinazione dei colori che infondono un senso di benessere e di gioia, la bigiotteria e gli accessori disegnati e realizzati a mano con attenzione ai valori da trasmettere Vi attendono&#8230; Carla Sieff<\/p>\n","protected":false},"excerpt":{"rendered":"<p>Nella vita di ognuno appaiono fin dalla pi\u00f9 tenera et\u00e0 immagini che poi prendono forma nei propri pensieri e che chiedono di essere manifestati. Ecco che la mia visione pi\u00f9 recondita \u00e8 sempre stata quella di portare armonia, bellezza e gioia nelle cose che mi circondano ed essendo nata in un luogo aspro e per [&hellip;]<\/p>\n","protected":false},"author":1,"featured_media":0,"parent":0,"menu_order":0,"comment_status":"closed","ping_status":"closed","template":"","meta":{"footnotes":""},"class_list":["post-57","page","type-page","status-publish","hentry"],"_links":{"self":[{"href":"https:\/\/charliegroup.com\/it\/wp-json\/wp\/v2\/pages\/57","targetHints":{"allow":["GET"]}}],"collection":[{"href":"https:\/\/charliegroup.com\/it\/wp-json\/wp\/v2\/pages"}],"about":[{"href":"https:\/\/charliegroup.com\/it\/wp-json\/wp\/v2\/types\/page"}],"author":[{"embeddable":true,"href":"https:\/\/charliegroup.com\/it\/wp-json\/wp\/v2\/users\/1"}],"replies":[{"embeddable":true,"href":"https:\/\/charliegroup.com\/it\/wp-json\/wp\/v2\/comments?post=57"}],"version-history":[{"count":11,"href":"https:\/\/charliegroup.com\/it\/wp-json\/wp\/v2\/pages\/57\/revisions"}],"predecessor-version":[{"id":809,"href":"https:\/\/charliegroup.com\/it\/wp-json\/wp\/v2\/pages\/57\/revisions\/809"}],"wp:attachment":[{"href":"https:\/\/charliegroup.com\/it\/wp-json\/wp\/v2\/media?parent=57"}],"curies":[{"name":"wp","href":"https:\/\/api.w.org\/{rel}","templated":true}]}}